{"id":141,"date":"2025-11-03T23:44:18","date_gmt":"2025-11-03T23:44:18","guid":{"rendered":"https:\/\/almamia.cl\/?page_id=141"},"modified":"2025-11-03T23:45:45","modified_gmt":"2025-11-03T23:45:45","slug":"showroom","status":"publish","type":"page","link":"https:\/\/almamia.cl\/index.php\/showroom\/","title":{"rendered":"NUESTRO SHOWROOM"},"content":{"rendered":"\n<div class=\"wp-block-group alignfull is-content-justification-center is-layout-constrained wp-container-core-group-is-layout-c7f866ca wp-block-group-is-layout-constrained\" style=\"margin-top:0;margin-bottom:0;padding-top:calc( 0.5 * var(--wp--style--root--padding-right, var(--wp--custom--gap--horizontal)));padding-right:var(--wp--style--root--padding-right, var(--wp--custom--gap--horizontal));padding-bottom:calc( 0.5 * var(--wp--style--root--padding-right, var(--wp--custom--gap--horizontal)));padding-left:var(--wp--style--root--padding-left, var(--wp--custom--gap--horizontal))\">\n<div style=\"height:calc( 0.25 * var(--wp--style--root--padding-right, var(--wp--custom--gap--horizontal)))\" aria-hidden=\"true\" class=\"wp-block-spacer\"><\/div>\n\n\n\n<div class=\"wp-block-columns alignfull is-layout-flex wp-container-core-columns-is-layout-7c9548a8 wp-block-columns-is-layout-flex\" style=\"padding-top:0;padding-right:0;padding-bottom:0;padding-left:0\">\n<div class=\"wp-block-column is-layout-flow wp-block-column-is-layout-flow\">\n<div class=\"wp-block-cover is-light\"><img decoding=\"async\" class=\"wp-block-cover__image-background\" alt=\"Imagen de marcador de posici\u00f3n utilizada para representar un producto que se muestra en una secci\u00f3n a pantalla completa. 1 de 2.\" src=\"https:\/\/almamia.cl\/wp-content\/plugins\/woocommerce\/assets\/images\/pattern-placeholders\/plant-white-leaf-flower-vase-green.jpg\" style=\"object-position:54% 52%\" data-object-fit=\"cover\" data-object-position=\"54% 52%\"\/><span aria-hidden=\"true\" class=\"wp-block-cover__background has-background-dim-0 has-background-dim\"><\/span><div class=\"wp-block-cover__inner-container is-layout-flow wp-block-cover-is-layout-flow\">\n<p class=\"has-text-align-center has-large-font-size\"><\/p>\n<\/div><\/div>\n<\/div>\n\n\n\n<div class=\"wp-block-column is-vertically-aligned-center is-layout-constrained wp-container-core-column-is-layout-254f1302 wp-block-column-is-layout-constrained\" style=\"padding-top:0;padding-right:0;padding-bottom:0;padding-left:0\">\n<div class=\"wp-block-group alignfull is-layout-flow wp-block-group-is-layout-flow\" style=\"margin-top:var(--wp--preset--spacing--40);margin-bottom:var(--wp--preset--spacing--40);padding-top:0px;padding-right:60px;padding-bottom:0px;padding-left:60px\">\n<h2 class=\"wp-block-heading has-text-align-left has-large-font-size\"><strong>Si\u00e9ntete como en casa en tu casa<\/strong><\/h2>\n\n\n\n<p style=\"margin-bottom:var(--wp--preset--spacing--40)\">A\u00f1ade un toque de encanto y calidez a estas fiestas con una amplia selecci\u00f3n de adornos escogidos a mano, desde jarrones minimalistas hasta muebles de dise\u00f1o.<\/p>\n\n\n\n<div class=\"wp-block-buttons is-layout-flex wp-block-buttons-is-layout-flex\" style=\"margin-top:64px\">\n<div class=\"wp-block-button has-custom-font-size\"><a class=\"wp-block-button__link has-text-align-left wp-element-button\" href=\"https:\/\/almamia.cl\/index.php\/tienda\/\">Comprar decoraci\u00f3n para el hogar<\/a><\/div>\n<\/div>\n<\/div>\n<\/div>\n<\/div>\n\n\n\n<div class=\"wp-block-columns alignfull is-layout-flex wp-container-core-columns-is-layout-7c9548a8 wp-block-columns-is-layout-flex\" style=\"padding-top:0;padding-right:0;padding-bottom:0;padding-left:0\">\n<div class=\"wp-block-column is-vertically-aligned-center is-layout-flow wp-block-column-is-layout-flow\" style=\"padding-top:0;padding-right:0;padding-bottom:0;padding-left:0\">\n<div class=\"wp-block-group is-layout-constrained wp-container-core-group-is-layout-bd9266ff wp-block-group-is-layout-constrained\" style=\"padding-top:50px;padding-right:50px;padding-bottom:50px;padding-left:50px\">\n<div class=\"wp-block-group is-layout-flow wp-block-group-is-layout-flow\">\n<h5 class=\"wp-block-heading\" style=\"text-transform:capitalize\"><strong>Materiales de calidad<\/strong><\/h5>\n\n\n\n<p style=\"margin-top:25px;margin-right:0;margin-bottom:0;margin-left:0;padding-top:0;padding-right:0;padding-bottom:0;padding-left:0\">S\u00f3lo utilizamos materiales de la m\u00e1xima calidad en nuestros productos, para que tengan un aspecto estupendo y duren muchos a\u00f1os.<\/p>\n<\/div>\n\n\n\n<div class=\"wp-block-group is-layout-flow wp-block-group-is-layout-flow\">\n<h5 class=\"wp-block-heading\" style=\"text-transform:capitalize\"><strong>Dise\u00f1o \u00fanico<\/strong><\/h5>\n\n\n\n<p style=\"margin-top:25px\">Desde estampados atrevidos hasta detalles intrincados, nuestros productos son una combinaci\u00f3n perfecta de estilo y funcionalidad.<\/p>\n<\/div>\n<\/div>\n<\/div>\n\n\n\n<div class=\"wp-block-column is-vertically-aligned-center is-layout-flow wp-block-column-is-layout-flow\">\n<div class=\"wp-block-cover is-light\"><img decoding=\"async\" class=\"wp-block-cover__image-background\" alt=\"Imagen de marcador de posici\u00f3n utilizada para representar un producto que se muestra en una secci\u00f3n a pantalla completa. 2 de 2.\" src=\"https:\/\/almamia.cl\/wp-content\/plugins\/woocommerce\/assets\/images\/pattern-placeholders\/table-wood-house-chair-floor-window.jpg\" style=\"object-position:33% 6%\" data-object-fit=\"cover\" data-object-position=\"33% 6%\"\/><span aria-hidden=\"true\" class=\"wp-block-cover__background has-background-dim-0 has-background-dim\"><\/span><div class=\"wp-block-cover__inner-container is-layout-flow wp-block-cover-is-layout-flow\">\n<p class=\"has-text-align-center has-large-font-size\"><\/p>\n<\/div><\/div>\n<\/div>\n<\/div>\n\n\n\n<div style=\"height:calc( 0.25 * var(--wp--style--root--padding-right, var(--wp--custom--gap--horizontal)))\" aria-hidden=\"true\" class=\"wp-block-spacer\"><\/div>\n<\/div>\n","protected":false},"excerpt":{"rendered":"<p>Si\u00e9ntete como en casa en tu casa A\u00f1ade un toque de encanto y calidez a estas fiestas con una amplia selecci\u00f3n de adornos escogidos a mano, desde jarrones minimalistas hasta muebles de dise\u00f1o. Materiales de calidad S\u00f3lo utilizamos materiales de la m\u00e1xima calidad en nuestros productos, para que tengan un aspecto estupendo y duren muchos [&hellip;]<\/p>\n","protected":false},"author":1,"featured_media":0,"parent":0,"menu_order":0,"comment_status":"closed","ping_status":"closed","template":"","meta":{"footnotes":""},"class_list":["post-141","page","type-page","status-publish","hentry"],"_links":{"self":[{"href":"https:\/\/almamia.cl\/index.php\/wp-json\/wp\/v2\/pages\/141","targetHints":{"allow":["GET"]}}],"collection":[{"href":"https:\/\/almamia.cl\/index.php\/wp-json\/wp\/v2\/pages"}],"about":[{"href":"https:\/\/almamia.cl\/index.php\/wp-json\/wp\/v2\/types\/page"}],"author":[{"embeddable":true,"href":"https:\/\/almamia.cl\/index.php\/wp-json\/wp\/v2\/users\/1"}],"replies":[{"embeddable":true,"href":"https:\/\/almamia.cl\/index.php\/wp-json\/wp\/v2\/comments?post=141"}],"version-history":[{"count":2,"href":"https:\/\/almamia.cl\/index.php\/wp-json\/wp\/v2\/pages\/141\/revisions"}],"predecessor-version":[{"id":226,"href":"https:\/\/almamia.cl\/index.php\/wp-json\/wp\/v2\/pages\/141\/revisions\/226"}],"wp:attachment":[{"href":"https:\/\/almamia.cl\/index.php\/wp-json\/wp\/v2\/media?parent=141"}],"curies":[{"name":"wp","href":"https:\/\/api.w.org\/{rel}","templated":true}]}}